{"id":5,"date":"2024-04-27T12:10:34","date_gmt":"2024-04-27T12:10:34","guid":{"rendered":"https:\/\/demos.clubmaster.dk\/wordpress\/ocpagch\/?page_id=5"},"modified":"2024-05-02T17:22:35","modified_gmt":"2024-05-02T17:22:35","slug":"landing-page","status":"publish","type":"page","link":"https:\/\/www.ocpag.ch\/","title":{"rendered":"Landing Page"},"content":{"rendered":"<p>[et_pb_section fb_built=&#8221;1&#8243; admin_label=&#8221;Header&#8221; _builder_version=&#8221;4.20.4&#8243; _module_preset=&#8221;default&#8221; use_background_color_gradient=&#8221;on&#8221; background_color_gradient_stops=&#8221;rgba(0,0,0,0.2) 0%|rgba(0,0,0,0.2) 100%&#8221; background_color_gradient_overlays_image=&#8221;on&#8221; background_image=&#8221;http:\/\/demos.clubmaster.dk\/wordpress\/ocpagch\/wp-content\/uploads\/2024\/04\/coffe-puring.webp&#8221; min_height=&#8221;50vw&#8221; collapsed=&#8221;on&#8221; global_colors_info=&#8221;{}&#8221;][et_pb_row _builder_version=&#8221;4.20.4&#8243; _module_preset=&#8221;default&#8221; custom_margin=&#8221;10vw||||false|false&#8221; global_colors_info=&#8221;{}&#8221;][et_pb_column type=&#8221;4_4&#8243; _builder_version=&#8221;4.22.0&#8243; _module_preset=&#8221;default&#8221; global_colors_info=&#8221;{}&#8221;][et_pb_text _builder_version=&#8221;4.20.4&#8243; _module_preset=&#8221;fa11b210-6acb-4c9f-8e20-c8335729e9b7&#8243; header_4_text_color=&#8221;#FFFFFF&#8221; text_orientation=&#8221;center&#8221; global_colors_info=&#8221;{}&#8221;]<\/p>\n<h4>Die Perfekte h\u00fclle f\u00fcr spitzenkaffee<\/h4>\n<p>[\/et_pb_text][et_pb_text _builder_version=&#8221;4.20.4&#8243; _module_preset=&#8221;701b47d5-8cad-447b-be7b-accc94504d29&#8243; header_text_color=&#8221;#FFFFFF&#8221; text_orientation=&#8221;center&#8221; global_colors_info=&#8221;{}&#8221;]<\/p>\n<h1>Organic Coffee Packaging<\/h1>\n<p>[\/et_pb_text][et_pb_image src=&#8221;http:\/\/demos.clubmaster.dk\/wordpress\/ocpagch\/wp-content\/uploads\/2024\/04\/ocp.logo_.white_-300&#215;157.png&#8221; title_text=&#8221;ocp.logo.white&#8221; align=&#8221;center&#8221; _builder_version=&#8221;4.20.4&#8243; _module_preset=&#8221;default&#8221; max_height=&#8221;100px&#8221; global_colors_info=&#8221;{}&#8221;][\/et_pb_image][\/et_pb_column][\/et_pb_row][\/et_pb_section][et_pb_section fb_built=&#8221;1&#8243; admin_label=&#8221;Products&#8221; _builder_version=&#8221;4.22.0&#8243; _module_preset=&#8221;default&#8221; collapsed=&#8221;on&#8221; global_colors_info=&#8221;{}&#8221;][et_pb_row _builder_version=&#8221;4.20.4&#8243; _module_preset=&#8221;default&#8221; global_colors_info=&#8221;{}&#8221;][et_pb_column type=&#8221;4_4&#8243; _builder_version=&#8221;4.20.4&#8243; _module_preset=&#8221;default&#8221; global_colors_info=&#8221;{}&#8221;][et_pb_text _builder_version=&#8221;4.20.4&#8243; _module_preset=&#8221;7775896c-67fd-463a-8b5d-30c5c9cb1629&#8243; text_orientation=&#8221;center&#8221; global_colors_info=&#8221;{}&#8221;]<\/p>\n<p>W\u00e4hlen Sie hier Ihre Branche und nehmen Sie Kontakt mit uns auf.<\/p>\n<p>[\/et_pb_text][\/et_pb_column][\/et_pb_row][et_pb_row column_structure=&#8221;1_3,1_3,1_3&#8243; _builder_version=&#8221;4.20.4&#8243; _module_preset=&#8221;default&#8221; global_colors_info=&#8221;{}&#8221;][et_pb_column type=&#8221;1_3&#8243; _builder_version=&#8221;4.20.4&#8243; _module_preset=&#8221;default&#8221; global_colors_info=&#8221;{}&#8221;][et_pb_text _builder_version=&#8221;4.20.4&#8243; _module_preset=&#8221;a48fc963-a5f3-4347-8ebf-b18204f05d58&#8243; text_text_color=&#8221;#FFFFFF&#8221; text_font_size=&#8221;15px&#8221; header_4_text_color=&#8221;#FFFFFF&#8221; header_4_font_size=&#8221;27px&#8221; use_background_color_gradient=&#8221;on&#8221; background_color_gradient_direction=&#8221;130deg&#8221; background_color_gradient_stops=&#8221;#29bf82 50%|rgba(255,255,255,0) 60%&#8221; background_color_gradient_overlays_image=&#8221;on&#8221; background_image=&#8221;http:\/\/demos.clubmaster.dk\/wordpress\/ocpagch\/wp-content\/uploads\/2024\/04\/restaurant.webp&#8221; min_height=&#8221;200px&#8221; custom_padding=&#8221;30px|||30px|false|false&#8221; link_option_url=&#8221;mailto:hello@ocpag.ch?subject=Interesse%20von%20Restaurant&#8221; header_4_font_size_tablet=&#8221;35px&#8221; header_4_font_size_phone=&#8221;27px&#8221; box_shadow_style=&#8221;preset1&#8243; global_colors_info=&#8221;{}&#8221; background__hover_enabled=&#8221;on|hover&#8221; background_color_gradient_stops__hover=&#8221;rgba(41,191,130,0.9) 50%|rgba(255,255,255,0) 50%&#8221; use_background_color_gradient__hover=&#8221;on&#8221; box_shadow_spread__hover_enabled=&#8221;on|hover&#8221; box_shadow_spread__hover=&#8221;8px&#8221;]<\/p>\n<h4>Restaurant<\/h4>\n<p>&gt; Kontaktieren<\/p>\n<p>[\/et_pb_text][\/et_pb_column][et_pb_column type=&#8221;1_3&#8243; _builder_version=&#8221;4.22.0&#8243; _module_preset=&#8221;default&#8221; global_colors_info=&#8221;{}&#8221;][et_pb_text _builder_version=&#8221;4.20.4&#8243; _module_preset=&#8221;a48fc963-a5f3-4347-8ebf-b18204f05d58&#8243; text_text_color=&#8221;#FFFFFF&#8221; text_font_size=&#8221;15px&#8221; header_4_text_color=&#8221;#FFFFFF&#8221; header_4_font_size=&#8221;27px&#8221; use_background_color_gradient=&#8221;on&#8221; background_color_gradient_direction=&#8221;130deg&#8221; background_color_gradient_stops=&#8221;#29bf82 50%|rgba(255,255,255,0) 60%&#8221; background_color_gradient_overlays_image=&#8221;on&#8221; background_image=&#8221;http:\/\/demos.clubmaster.dk\/wordpress\/ocpagch\/wp-content\/uploads\/2024\/04\/hotel.webp&#8221; min_height=&#8221;200px&#8221; custom_padding=&#8221;30px|||30px|false|false&#8221; link_option_url=&#8221;mailto:hello@ocpag.ch?subject=Interesse%20von%20Hotel&#8221; header_4_font_size_tablet=&#8221;30px&#8221; header_4_font_size_phone=&#8221;27px&#8221; box_shadow_style=&#8221;preset1&#8243; global_colors_info=&#8221;{}&#8221; background__hover_enabled=&#8221;on|hover&#8221; background_color_gradient_stops__hover=&#8221;rgba(41,191,130,0.9) 50%|rgba(255,255,255,0) 50%&#8221; use_background_color_gradient__hover=&#8221;on&#8221; box_shadow_spread__hover_enabled=&#8221;on|hover&#8221; box_shadow_spread__hover=&#8221;8px&#8221;]<\/p>\n<h4>Hotel<\/h4>\n<p>&gt; Kontaktieren<\/p>\n<p>[\/et_pb_text][\/et_pb_column][et_pb_column type=&#8221;1_3&#8243; _builder_version=&#8221;4.22.0&#8243; _module_preset=&#8221;default&#8221; global_colors_info=&#8221;{}&#8221;][et_pb_text _builder_version=&#8221;4.20.4&#8243; _module_preset=&#8221;a48fc963-a5f3-4347-8ebf-b18204f05d58&#8243; text_text_color=&#8221;#FFFFFF&#8221; text_font_size=&#8221;15px&#8221; header_4_text_color=&#8221;#FFFFFF&#8221; header_4_font_size=&#8221;27px&#8221; use_background_color_gradient=&#8221;on&#8221; background_color_gradient_direction=&#8221;130deg&#8221; background_color_gradient_stops=&#8221;#29bf82 50%|rgba(255,255,255,0) 60%&#8221; background_color_gradient_overlays_image=&#8221;on&#8221; background_image=&#8221;http:\/\/demos.clubmaster.dk\/wordpress\/ocpagch\/wp-content\/uploads\/2024\/04\/roastery.webp&#8221; min_height=&#8221;200px&#8221; custom_padding=&#8221;30px|||30px|false|false&#8221; link_option_url=&#8221;mailto:hello@ocpag.ch?subject=Interesse%20von%20R\u00f6sterei&#8221; header_4_font_size_tablet=&#8221;30px&#8221; header_4_font_size_phone=&#8221;27px&#8221; box_shadow_style=&#8221;preset1&#8243; global_colors_info=&#8221;{}&#8221; background__hover_enabled=&#8221;on|hover&#8221; background_color_gradient_stops__hover=&#8221;rgba(41,191,130,0.9) 50%|rgba(255,255,255,0) 50%&#8221; use_background_color_gradient__hover=&#8221;on&#8221; box_shadow_spread__hover_enabled=&#8221;on|hover&#8221; box_shadow_spread__hover=&#8221;8px&#8221;]<\/p>\n<h4>R\u00f6sterei<\/h4>\n<p>&gt; Kontaktieren<\/p>\n<p>[\/et_pb_text][\/et_pb_column][\/et_pb_row][\/et_pb_section][et_pb_section fb_built=&#8221;1&#8243; admin_label=&#8221;Call to Action&#8221; _builder_version=&#8221;4.20.4&#8243; _module_preset=&#8221;default&#8221; background_color=&#8221;#29bf82&#8243; background_enable_image=&#8221;off&#8221; collapsed=&#8221;on&#8221; global_colors_info=&#8221;{}&#8221;][et_pb_row _builder_version=&#8221;4.22.0&#8243; _module_preset=&#8221;default&#8221; max_width=&#8221;800px&#8221; global_colors_info=&#8221;{}&#8221;][et_pb_column type=&#8221;4_4&#8243; _builder_version=&#8221;4.22.0&#8243; _module_preset=&#8221;default&#8221; global_colors_info=&#8221;{}&#8221;][et_pb_text _builder_version=&#8221;4.20.4&#8243; _module_preset=&#8221;6598df97-a030-4800-ac1d-8d4deef037e7&#8243; header_2_text_color=&#8221;#FFFFFF&#8221; header_2_font_size=&#8221;36px&#8221; text_orientation=&#8221;center&#8221; custom_margin=&#8221;||10px||false|false&#8221; global_colors_info=&#8221;{}&#8221;]<\/p>\n<h2>Passend f\u00fcr Nespresso-Maschinen<\/h2>\n<p>[\/et_pb_text][et_pb_text _builder_version=&#8221;4.20.4&#8243; _module_preset=&#8221;7775896c-67fd-463a-8b5d-30c5c9cb1629&#8243; text_text_color=&#8221;#FFFFFF&#8221; text_orientation=&#8221;center&#8221; global_colors_info=&#8221;{}&#8221;]<\/p>\n<p>Kein Mikroplastik &#8211; kein Aluminium, sondern nur Natur pur! Nachhaltiger Kaffeegenuss aus den kompostierbaren Papier Pods und Holz Kapseln.<\/p>\n<p>[\/et_pb_text][et_pb_text _builder_version=&#8221;4.20.4&#8243; _module_preset=&#8221;7775896c-67fd-463a-8b5d-30c5c9cb1629&#8243; text_text_color=&#8221;#FFFFFF&#8221; text_orientation=&#8221;center&#8221; global_colors_info=&#8221;{}&#8221;]<\/p>\n<p>Sie suchen nach einer nachhaltigeren Alternative f\u00fcr Ihren Kaffee?<br \/>Dann sind unsere Holz Kapseln und Papier Pods genau das Richtige. Die kompostierbaren Kapseln und Pods f\u00fcr Nespresso Kaffeemaschinen werden aus pflanzlichen Materialien hergestellt und sind eine ideale M\u00f6glichkeit, die Umwelt zu sch\u00fctzen.<\/p>\n<p>[\/et_pb_text][\/et_pb_column][\/et_pb_row][\/et_pb_section][et_pb_section fb_built=&#8221;1&#8243; admin_label=&#8221;Feature&#8221; _builder_version=&#8221;4.22.0&#8243; _module_preset=&#8221;default&#8221; collapsed=&#8221;on&#8221; global_colors_info=&#8221;{}&#8221;][et_pb_row column_structure=&#8221;1_2,1_2&#8243; _builder_version=&#8221;4.22.0&#8243; _module_preset=&#8221;default&#8221; global_colors_info=&#8221;{}&#8221;][et_pb_column type=&#8221;1_2&#8243; _builder_version=&#8221;4.22.0&#8243; _module_preset=&#8221;default&#8221; global_colors_info=&#8221;{}&#8221;][et_pb_text _builder_version=&#8221;4.20.4&#8243; _module_preset=&#8221;9d64645e-276e-4f14-86e0-4a3299912ce3&#8243; text_orientation=&#8221;center&#8221; custom_margin=&#8221;||10px||false|false&#8221; global_colors_info=&#8221;{}&#8221;]<\/p>\n<h2>Holz Kapseln<\/h2>\n<p>[\/et_pb_text][et_pb_image src=&#8221;http:\/\/demos.clubmaster.dk\/wordpress\/ocpagch\/wp-content\/uploads\/2024\/04\/DALL\u00b7E-2024-04-27-14.16.42-A-close-up-image-of-wooden-coffee-capsules-in-the-foreground-with-a-part-of-an-espresso-machine-visible-in-the-soft-focused-background.-The-wooden-ca.webp&#8221; alt=&#8221;Closeup wood capsules&#8221; title_text=&#8221;Closeup wood capsules&#8221; show_bottom_space=&#8221;off&#8221; _builder_version=&#8221;4.20.4&#8243; _module_preset=&#8221;default&#8221; global_colors_info=&#8221;{}&#8221;][\/et_pb_image][\/et_pb_column][et_pb_column type=&#8221;1_2&#8243; _builder_version=&#8221;4.22.0&#8243; _module_preset=&#8221;default&#8221; global_colors_info=&#8221;{}&#8221;][et_pb_text _builder_version=&#8221;4.20.4&#8243; _module_preset=&#8221;9d64645e-276e-4f14-86e0-4a3299912ce3&#8243; text_orientation=&#8221;center&#8221; custom_margin=&#8221;||10px||false|false&#8221; global_colors_info=&#8221;{}&#8221;]<\/p>\n<h2>Papier Pods<\/h2>\n<p>[\/et_pb_text][et_pb_image src=&#8221;http:\/\/demos.clubmaster.dk\/wordpress\/ocpagch\/wp-content\/uploads\/2024\/04\/DALL\u00b7E-2024-04-27-14.21.11-A-close-up-image-of-flat-circular-coffee-pods-made-of-soft-filter-paper-very-similar-in-appearance-to-those-in-the-provided-image.-The-pods-are-disp.webp&#8221; alt=&#8221;Closeup coffee pods&#8221; title_text=&#8221;Closeup coffee pods&#8221; show_bottom_space=&#8221;off&#8221; align=&#8221;right&#8221; _builder_version=&#8221;4.20.4&#8243; _module_preset=&#8221;default&#8221; global_colors_info=&#8221;{}&#8221;][\/et_pb_image][\/et_pb_column][\/et_pb_row][et_pb_row _builder_version=&#8221;4.20.4&#8243; _module_preset=&#8221;default&#8221; global_colors_info=&#8221;{}&#8221;][et_pb_column type=&#8221;4_4&#8243; _builder_version=&#8221;4.20.4&#8243; _module_preset=&#8221;default&#8221; global_colors_info=&#8221;{}&#8221;][et_pb_text _builder_version=&#8221;4.20.4&#8243; _module_preset=&#8221;7775896c-67fd-463a-8b5d-30c5c9cb1629&#8243; text_orientation=&#8221;center&#8221; global_colors_info=&#8221;{}&#8221;]<\/p>\n<p>Die Kaffeekapsel und Kaffeepods, Die zu 100% aus Nachwachsenden Rohstoffen bestehen.<\/p>\n<p>Spitzenkaffee in der Nespresso\u00b2-kompatiblen Holz-Kapsel und Papierpod.<\/p>\n<p>Wenn Sie also auf der Suche nach einer nachhaltigeren Art sind, Ihren Lieblingskaffee zu genie\u00dfen, wir die Kapselpartner haben die L\u00f6sung f\u00fcr Sie! Dank der kompostierbaren Kapseln und Pods kann der Kaffeegenuss jetzt ein Erlebnis ohne schlechtes Gewissen sein. Warum probieren Sie es also nicht mal aus? Sie werden es nicht bereuen!<\/p>\n<p>[\/et_pb_text][\/et_pb_column][\/et_pb_row][\/et_pb_section][et_pb_section fb_built=&#8221;1&#8243; admin_label=&#8221;Feature&#8221; _builder_version=&#8221;4.22.0&#8243; _module_preset=&#8221;default&#8221; overflow-x=&#8221;hidden&#8221; overflow-y=&#8221;hidden&#8221; custom_padding=&#8221;0px||3px|||&#8221; collapsed=&#8221;on&#8221; global_colors_info=&#8221;{}&#8221;][et_pb_row column_structure=&#8221;1_4,1_4,1_4,1_4&#8243; _builder_version=&#8221;4.20.4&#8243; _module_preset=&#8221;default&#8221; global_colors_info=&#8221;{}&#8221;][et_pb_column type=&#8221;1_4&#8243; _builder_version=&#8221;4.20.4&#8243; _module_preset=&#8221;default&#8221; global_colors_info=&#8221;{}&#8221;][et_pb_image src=&#8221;http:\/\/demos.clubmaster.dk\/wordpress\/ocpagch\/wp-content\/uploads\/2024\/04\/siegel-rezemo-ohne-mikroplastik_960x.webp&#8221; title_text=&#8221;siegel-rezemo-ohne-mikroplastik_960x&#8221; align=&#8221;center&#8221; _builder_version=&#8221;4.20.4&#8243; _module_preset=&#8221;default&#8221; module_alignment=&#8221;left&#8221; max_height=&#8221;150px&#8221; global_colors_info=&#8221;{}&#8221;][\/et_pb_image][\/et_pb_column][et_pb_column type=&#8221;1_4&#8243; _builder_version=&#8221;4.20.4&#8243; _module_preset=&#8221;default&#8221; global_colors_info=&#8221;{}&#8221;][et_pb_image src=&#8221;http:\/\/demos.clubmaster.dk\/wordpress\/ocpagch\/wp-content\/uploads\/2024\/04\/siegel-rezemo-rueckgabe-an-natur_960x.webp&#8221; title_text=&#8221;siegel-rezemo-rueckgabe-an-natur_960x&#8221; align=&#8221;center&#8221; _builder_version=&#8221;4.20.4&#8243; _module_preset=&#8221;default&#8221; max_height=&#8221;150px&#8221; global_colors_info=&#8221;{}&#8221;][\/et_pb_image][\/et_pb_column][et_pb_column type=&#8221;1_4&#8243; _builder_version=&#8221;4.20.4&#8243; _module_preset=&#8221;default&#8221; global_colors_info=&#8221;{}&#8221;][et_pb_image src=&#8221;http:\/\/demos.clubmaster.dk\/wordpress\/ocpagch\/wp-content\/uploads\/2024\/04\/Holt_aus_deutschen_Waldern_960x.avif&#8221; title_text=&#8221;Holt_aus_deutschen_Waldern_960x&#8221; align=&#8221;center&#8221; _builder_version=&#8221;4.20.4&#8243; _module_preset=&#8221;default&#8221; max_height=&#8221;150px&#8221; global_colors_info=&#8221;{}&#8221;][\/et_pb_image][\/et_pb_column][et_pb_column type=&#8221;1_4&#8243; _builder_version=&#8221;4.20.4&#8243; _module_preset=&#8221;default&#8221; global_colors_info=&#8221;{}&#8221;][et_pb_image src=&#8221;http:\/\/demos.clubmaster.dk\/wordpress\/ocpagch\/wp-content\/uploads\/2024\/04\/bioinspecta33.avif&#8221; title_text=&#8221;bioinspecta33&#8243; align=&#8221;center&#8221; _builder_version=&#8221;4.20.4&#8243; _module_preset=&#8221;default&#8221; max_height=&#8221;150px&#8221; global_colors_info=&#8221;{}&#8221;][\/et_pb_image][\/et_pb_column][\/et_pb_row][\/et_pb_section]<\/p>\n","protected":false},"excerpt":{"rendered":"<p>Die Perfekte h\u00fclle f\u00fcr spitzenkaffeeOrganic Coffee PackagingW\u00e4hlen Sie hier Ihre Branche und nehmen Sie Kontakt mit uns auf.Restaurant &gt; KontaktierenHotel &gt; KontaktierenR\u00f6sterei &gt; KontaktierenPassend f\u00fcr Nespresso-MaschinenKein Mikroplastik &#8211; kein Aluminium, sondern nur Natur pur! Nachhaltiger Kaffeegenuss aus den kompostierbaren Papier Pods und Holz Kapseln.Sie suchen nach einer nachhaltigeren Alternative f\u00fcr Ihren Kaffee?Dann sind unsere Holz [&hellip;]<\/p>\n","protected":false},"author":1,"featured_media":0,"parent":0,"menu_order":0,"comment_status":"closed","ping_status":"closed","template":"","meta":{"_et_pb_use_builder":"on","_et_pb_old_content":"","_et_gb_content_width":"","footnotes":""},"class_list":["post-5","page","type-page","status-publish","hentry"],"_links":{"self":[{"href":"https:\/\/www.ocpag.ch\/index.php?rest_route=\/wp\/v2\/pages\/5","targetHints":{"allow":["GET"]}}],"collection":[{"href":"https:\/\/www.ocpag.ch\/index.php?rest_route=\/wp\/v2\/pages"}],"about":[{"href":"https:\/\/www.ocpag.ch\/index.php?rest_route=\/wp\/v2\/types\/page"}],"author":[{"embeddable":true,"href":"https:\/\/www.ocpag.ch\/index.php?rest_route=\/wp\/v2\/users\/1"}],"replies":[{"embeddable":true,"href":"https:\/\/www.ocpag.ch\/index.php?rest_route=%2Fwp%2Fv2%2Fcomments&post=5"}],"version-history":[{"count":52,"href":"https:\/\/www.ocpag.ch\/index.php?rest_route=\/wp\/v2\/pages\/5\/revisions"}],"predecessor-version":[{"id":193,"href":"https:\/\/www.ocpag.ch\/index.php?rest_route=\/wp\/v2\/pages\/5\/revisions\/193"}],"wp:attachment":[{"href":"https:\/\/www.ocpag.ch\/index.php?rest_route=%2Fwp%2Fv2%2Fmedia&parent=5"}],"curies":[{"name":"wp","href":"https:\/\/api.w.org\/{rel}","templated":true}]}}